{"id":79,"date":"2023-03-08T00:16:23","date_gmt":"2023-03-07T23:16:23","guid":{"rendered":"http:\/\/meriemy.cluster024.hosting.ovh.net\/?page_id=79"},"modified":"2023-03-25T18:41:11","modified_gmt":"2023-03-25T17:41:11","slug":"design-brand-content","status":"publish","type":"page","link":"https:\/\/meriemkhellas.fr\/index.php\/design-brand-content\/","title":{"rendered":"Design Brand Content"},"content":{"rendered":"<div class=\"is-default-size wp-block-site-logo\"><a href=\"https:\/\/meriemkhellas.fr\/\" class=\"custom-logo-link\" rel=\"home\"><img decoding=\"async\" width=\"483\" height=\"422\" src=\"https:\/\/meriemkhellas.fr\/wp-content\/uploads\/2023\/03\/Logo-MKH.png\" class=\"custom-logo\" alt=\"\u00e0 la lune\" srcset=\"https:\/\/meriemkhellas.fr\/wp-content\/uploads\/2023\/03\/Logo-MKH.png 483w, https:\/\/meriemkhellas.fr\/wp-content\/uploads\/2023\/03\/Logo-MKH-300x262.png 300w\" sizes=\"(max-width: 483px) 100vw, 483px\" \/><\/a><\/div>\n\n<h3 style=\"text-align: center;\"><strong>Missions <\/strong><\/h3>\n\n\n<ul class=\"wp-block-list\">\n<li>La <mark style=\"background-color:rgba(0, 0, 0, 0)\" class=\"has-inline-color has-black-color\">cr\u00e9ation de visuels <\/mark>ou vid\u00e9o en motion design pour publication sur les r\u00e9seaux sociaux<\/li>\n\n\n\n<li>Accompagner des maquettistes pour la cr\u00e9ation et production de magazine papier <\/li>\n\n\n\n<li>Conception de visuels pour des projets ( r\u00e9am\u00e9nagement, \u00e9v\u00e9nement, boutique en ligne\u2026)<\/li>\n<\/ul>\n\n\n\n<div class=\"alignnormal\"><div id=\"metaslider-id-376\" style=\"max-width: 500px;\" class=\"ml-slider-3-94-0 metaslider metaslider-flex metaslider-376 ml-slider ms-theme-default\" role=\"region\" aria-roledescription=\"Slideshow\" aria-label=\"Nouveau diaporama\">\n    <div id=\"metaslider_container_376\">\n        <div id=\"metaslider_376\" class=\"flexslider\">\n            <ul class='slides'>\n                <li style=\"display: block; width: 100%;\" class=\"slide-377 ms-image \" aria-roledescription=\"slide\" aria-label=\"slide-377\"><img decoding=\"async\" src=\"https:\/\/meriemkhellas.fr\/wp-content\/uploads\/2023\/03\/Capture-decran-2023-03-10-170907-248x472.png\" height=\"950\" width=\"500\" alt=\"\" class=\"slider-376 slide-377\" title=\"Capture-decran-2023-03-10-170907\" \/><\/li>\n                <li style=\"display: none; width: 100%;\" class=\"slide-378 ms-image \" aria-roledescription=\"slide\" aria-label=\"slide-378\"><img decoding=\"async\" src=\"https:\/\/meriemkhellas.fr\/wp-content\/uploads\/2023\/03\/Capture-decran-2023-03-11-112605-259x493.png\" height=\"950\" width=\"500\" alt=\"\" class=\"slider-376 slide-378\" title=\"Capture-decran-2023-03-11-112605\" \/><\/li>\n            <\/ul>\n        <\/div>\n        \n    <\/div>\n<\/div><\/div>\n\n\n\n<p><\/p>\n\n\n<h3 style=\"text-align: center;\"><strong>Comp\u00e9tences&nbsp;<\/strong><\/h3>\n\n<div class=\"wp-block-image\">\n<figure class=\"aligncenter size-full\"><img decoding=\"async\" width=\"372\" height=\"618\" src=\"http:\/\/meriemy.cluster024.hosting.ovh.net\/wp-content\/uploads\/2023\/03\/image-4.png\" alt=\"\" class=\"wp-image-228\" srcset=\"https:\/\/meriemkhellas.fr\/wp-content\/uploads\/2023\/03\/image-4.png 372w, https:\/\/meriemkhellas.fr\/wp-content\/uploads\/2023\/03\/image-4-181x300.png 181w, https:\/\/meriemkhellas.fr\/wp-content\/uploads\/2023\/03\/image-4-36x60.png 36w\" sizes=\"(max-width: 372px) 100vw, 372px\" \/><\/figure>\n<\/div>\n\n\n<p><\/p>\n\n\n\n<p><\/p>\n\n\n\n<p><\/p>\n\n\n\n<p><\/p>\n\n\n\n<p><\/p>\n\n\n\n<p><\/p>\n\n\n\n<p><\/p>\n\n\n\n<p><\/p>\n\n\n\n<p><\/p>\n\n\n\n<p><\/p>\n\n\n\n<p><\/p>\n\n\n\n<p><\/p>\n\n\n\n<p><\/p>\n\n\n<h3 style=\"text-align: center;\">Travaux : Home Design thinking<\/h3>\n\n\n<div class=\"alignnormal\"><div id=\"metaslider-id-352\" style=\"max-width: 600px;\" class=\"ml-slider-3-94-0 metaslider metaslider-coin metaslider-352 ml-slider ms-theme-simply-dark has-dots-nav\" role=\"region\" aria-roledescription=\"Slideshow\" aria-label=\"Nouveau diaporama\">\n    <div id=\"metaslider_container_352\">\n        <div id='metaslider_352' class='coin-slider'>\n<a href=\"javascript:void(0)\" target=\"_self\"><img decoding=\"async\" src=\"https:\/\/meriemkhellas.fr\/wp-content\/uploads\/2023\/03\/1612703424723-600x300.jpg\" height=\"300\" width=\"600\" alt=\"\" class=\"slider-352 slide-353\" title=\"1612703424723\" style=\"display: none;\" \/><\/a>\n<a href=\"javascript:void(0)\" target=\"_self\"><img decoding=\"async\" src=\"https:\/\/meriemkhellas.fr\/wp-content\/uploads\/2023\/03\/1612703424743-600x300.jpg\" height=\"300\" width=\"600\" alt=\"\" class=\"slider-352 slide-354\" title=\"1612703424743\" style=\"display: none;\" \/><\/a>\n<a href=\"javascript:void(0)\" target=\"_self\"><img decoding=\"async\" src=\"https:\/\/meriemkhellas.fr\/wp-content\/uploads\/2023\/03\/1612703424748-600x300.jpg\" height=\"300\" width=\"600\" alt=\"\" class=\"slider-352 slide-356\" title=\"1612703424748\" style=\"display: none;\" \/><\/a>\n<a href=\"javascript:void(0)\" target=\"_self\"><img decoding=\"async\" src=\"https:\/\/meriemkhellas.fr\/wp-content\/uploads\/2023\/03\/1612703460126-600x300.jpg\" height=\"300\" width=\"600\" alt=\"\" class=\"slider-352 slide-357\" title=\"1612703460126\" style=\"display: none;\" \/><\/a>\n<a href=\"javascript:void(0)\" target=\"_self\"><img decoding=\"async\" src=\"https:\/\/meriemkhellas.fr\/wp-content\/uploads\/2023\/03\/1612703495465-600x300.jpg\" height=\"300\" width=\"600\" alt=\"\" class=\"slider-352 slide-358\" title=\"1612703495465\" style=\"display: none;\" \/><\/a>\n        <\/div>\n        \n    <\/div>\n<\/div><\/div>\n\n\n\n<div class=\"wp-block-columns is-layout-flex wp-container-core-columns-is-layout-9d6595d7 wp-block-columns-is-layout-flex\">\n<div class=\"wp-block-column is-layout-flow wp-block-column-is-layout-flow\">\n<figure class=\"wp-block-image size-large\"><img decoding=\"async\" width=\"1024\" height=\"975\" src=\"http:\/\/meriemy.cluster024.hosting.ovh.net\/wp-content\/uploads\/2023\/03\/1612703460103-4-1024x975.jpg\" alt=\"\" class=\"wp-image-368\" srcset=\"https:\/\/meriemkhellas.fr\/wp-content\/uploads\/2023\/03\/1612703460103-4-1024x975.jpg 1024w, https:\/\/meriemkhellas.fr\/wp-content\/uploads\/2023\/03\/1612703460103-4-300x286.jpg 300w, https:\/\/meriemkhellas.fr\/wp-content\/uploads\/2023\/03\/1612703460103-4-768x731.jpg 768w, https:\/\/meriemkhellas.fr\/wp-content\/uploads\/2023\/03\/1612703460103-4-63x60.jpg 63w, https:\/\/meriemkhellas.fr\/wp-content\/uploads\/2023\/03\/1612703460103-4-600x571.jpg 600w, https:\/\/meriemkhellas.fr\/wp-content\/uploads\/2023\/03\/1612703460103-4.jpg 1064w\" sizes=\"(max-width: 1024px) 100vw, 1024px\" \/><\/figure>\n<\/div>\n\n\n\n<div class=\"wp-block-column is-layout-flow wp-block-column-is-layout-flow\">\n<figure class=\"wp-block-image size-large\"><img decoding=\"async\" width=\"1024\" height=\"986\" src=\"http:\/\/meriemy.cluster024.hosting.ovh.net\/wp-content\/uploads\/2023\/03\/1612703460122-2-1024x986.jpg\" alt=\"\" class=\"wp-image-84\" srcset=\"https:\/\/meriemkhellas.fr\/wp-content\/uploads\/2023\/03\/1612703460122-2-1024x986.jpg 1024w, https:\/\/meriemkhellas.fr\/wp-content\/uploads\/2023\/03\/1612703460122-2-600x577.jpg 600w, https:\/\/meriemkhellas.fr\/wp-content\/uploads\/2023\/03\/1612703460122-2-300x289.jpg 300w, https:\/\/meriemkhellas.fr\/wp-content\/uploads\/2023\/03\/1612703460122-2-768x739.jpg 768w, https:\/\/meriemkhellas.fr\/wp-content\/uploads\/2023\/03\/1612703460122-2.jpg 1065w\" sizes=\"(max-width: 1024px) 100vw, 1024px\" \/><\/figure>\n<\/div>\n\n\n\n<div class=\"wp-block-column is-layout-flow wp-block-column-is-layout-flow\">\n<figure class=\"wp-block-image size-large\"><img decoding=\"async\" width=\"1024\" height=\"951\" src=\"http:\/\/meriemy.cluster024.hosting.ovh.net\/wp-content\/uploads\/2023\/03\/1612703460139-1-1024x951.jpg\" alt=\"\" class=\"wp-image-372\" srcset=\"https:\/\/meriemkhellas.fr\/wp-content\/uploads\/2023\/03\/1612703460139-1-1024x951.jpg 1024w, https:\/\/meriemkhellas.fr\/wp-content\/uploads\/2023\/03\/1612703460139-1-300x279.jpg 300w, https:\/\/meriemkhellas.fr\/wp-content\/uploads\/2023\/03\/1612703460139-1-768x713.jpg 768w, https:\/\/meriemkhellas.fr\/wp-content\/uploads\/2023\/03\/1612703460139-1-65x60.jpg 65w, https:\/\/meriemkhellas.fr\/wp-content\/uploads\/2023\/03\/1612703460139-1-600x557.jpg 600w, https:\/\/meriemkhellas.fr\/wp-content\/uploads\/2023\/03\/1612703460139-1.jpg 1080w\" sizes=\"(max-width: 1024px) 100vw, 1024px\" \/><\/figure>\n<\/div>\n<\/div>\n\n\n\n<p><\/p>\n","protected":false},"excerpt":{"rendered":"<p>Missions Comp\u00e9tences&nbsp; Travaux : Home Design thinking<\/p>\n","protected":false},"author":1,"featured_media":0,"parent":0,"menu_order":0,"comment_status":"closed","ping_status":"closed","template":"","meta":{"footnotes":""},"class_list":["post-79","page","type-page","status-publish","hentry"],"yoast_head":"<!-- This site is optimized with the Yoast SEO plugin v24.1 - https:\/\/yoast.com\/wordpress\/plugins\/seo\/ -->\n<title>Design Brand Content | \u00e0 la lune<\/title>\n<meta name=\"description\" content=\"Project Manager Officer et graphiste lyonnaise proposant une offre de service \u00e0 la carte pour tout type de projets web.\" \/>\n<meta name=\"robots\" content=\"index, follow, max-snippet:-1, max-image-preview:large, max-video-preview:-1\" \/>\n<link rel=\"canonical\" href=\"https:\/\/meriemkhellas.fr\/index.php\/design-brand-content\/\" \/>\n<meta property=\"og:locale\" content=\"fr_FR\" \/>\n<meta property=\"og:type\" content=\"article\" \/>\n<meta property=\"og:title\" content=\"Design Brand Content | \u00e0 la lune\" \/>\n<meta property=\"og:description\" content=\"Project Manager Officer et graphiste lyonnaise proposant une offre de service \u00e0 la carte pour tout type de projets web.\" \/>\n<meta property=\"og:url\" content=\"https:\/\/meriemkhellas.fr\/index.php\/design-brand-content\/\" \/>\n<meta property=\"og:site_name\" content=\"\u00e0 la lune\" \/>\n<meta property=\"article:modified_time\" content=\"2023-03-25T17:41:11+00:00\" \/>\n<meta property=\"og:image\" content=\"http:\/\/meriemy.cluster024.hosting.ovh.net\/wp-content\/uploads\/2023\/03\/image-4.png\" \/>\n<meta name=\"twitter:card\" content=\"summary_large_image\" \/>\n<meta name=\"twitter:label1\" content=\"Dur\u00e9e de lecture estim\u00e9e\" \/>\n\t<meta name=\"twitter:data1\" content=\"2 minutes\" \/>\n<script type=\"application\/ld+json\" class=\"yoast-schema-graph\">{\"@context\":\"https:\/\/schema.org\",\"@graph\":[{\"@type\":\"WebPage\",\"@id\":\"https:\/\/meriemkhellas.fr\/index.php\/design-brand-content\/\",\"url\":\"https:\/\/meriemkhellas.fr\/index.php\/design-brand-content\/\",\"name\":\"Design Brand Content | \u00e0 la lune\",\"isPartOf\":{\"@id\":\"https:\/\/meriemkhellas.fr\/#website\"},\"primaryImageOfPage\":{\"@id\":\"https:\/\/meriemkhellas.fr\/index.php\/design-brand-content\/#primaryimage\"},\"image\":{\"@id\":\"https:\/\/meriemkhellas.fr\/index.php\/design-brand-content\/#primaryimage\"},\"thumbnailUrl\":\"http:\/\/meriemy.cluster024.hosting.ovh.net\/wp-content\/uploads\/2023\/03\/image-4.png\",\"datePublished\":\"2023-03-07T23:16:23+00:00\",\"dateModified\":\"2023-03-25T17:41:11+00:00\",\"description\":\"Project Manager Officer et graphiste lyonnaise proposant une offre de service \u00e0 la carte pour tout type de projets web.\",\"breadcrumb\":{\"@id\":\"https:\/\/meriemkhellas.fr\/index.php\/design-brand-content\/#breadcrumb\"},\"inLanguage\":\"fr-FR\",\"potentialAction\":[{\"@type\":\"ReadAction\",\"target\":[\"https:\/\/meriemkhellas.fr\/index.php\/design-brand-content\/\"]}]},{\"@type\":\"ImageObject\",\"inLanguage\":\"fr-FR\",\"@id\":\"https:\/\/meriemkhellas.fr\/index.php\/design-brand-content\/#primaryimage\",\"url\":\"http:\/\/meriemy.cluster024.hosting.ovh.net\/wp-content\/uploads\/2023\/03\/image-4.png\",\"contentUrl\":\"http:\/\/meriemy.cluster024.hosting.ovh.net\/wp-content\/uploads\/2023\/03\/image-4.png\"},{\"@type\":\"BreadcrumbList\",\"@id\":\"https:\/\/meriemkhellas.fr\/index.php\/design-brand-content\/#breadcrumb\",\"itemListElement\":[{\"@type\":\"ListItem\",\"position\":1,\"name\":\"Accueil\",\"item\":\"https:\/\/meriemkhellas.fr\/\"},{\"@type\":\"ListItem\",\"position\":2,\"name\":\"Design Brand Content\"}]},{\"@type\":\"WebSite\",\"@id\":\"https:\/\/meriemkhellas.fr\/#website\",\"url\":\"https:\/\/meriemkhellas.fr\/\",\"name\":\"\u00e0 la lune\",\"description\":\"PMO | Graphiste\",\"publisher\":{\"@id\":\"https:\/\/meriemkhellas.fr\/#\/schema\/person\/15fe59973740322bd10f8cb999aa7691\"},\"potentialAction\":[{\"@type\":\"SearchAction\",\"target\":{\"@type\":\"EntryPoint\",\"urlTemplate\":\"https:\/\/meriemkhellas.fr\/?s={search_term_string}\"},\"query-input\":{\"@type\":\"PropertyValueSpecification\",\"valueRequired\":true,\"valueName\":\"search_term_string\"}}],\"inLanguage\":\"fr-FR\"},{\"@type\":[\"Person\",\"Organization\"],\"@id\":\"https:\/\/meriemkhellas.fr\/#\/schema\/person\/15fe59973740322bd10f8cb999aa7691\",\"name\":\"M\u00e9riem Khellas\",\"image\":{\"@type\":\"ImageObject\",\"inLanguage\":\"fr-FR\",\"@id\":\"https:\/\/meriemkhellas.fr\/#\/schema\/person\/image\/\",\"url\":\"https:\/\/meriemkhellas.fr\/wp-content\/uploads\/2023\/03\/Logo-MKH.png\",\"contentUrl\":\"https:\/\/meriemkhellas.fr\/wp-content\/uploads\/2023\/03\/Logo-MKH.png\",\"width\":483,\"height\":422,\"caption\":\"M\u00e9riem Khellas\"},\"logo\":{\"@id\":\"https:\/\/meriemkhellas.fr\/#\/schema\/person\/image\/\"},\"sameAs\":[\"http:\/\/meriemy.cluster024.hosting.ovh.net\",\"https:\/\/www.instagram.com\/meriemkhellas\/\",\"https:\/\/www.linkedin.com\/in\/m\u00e9riem-khellas-a85574178\/\",\"https:\/\/soundcloud.com\/meriem-khellas\"]}]}<\/script>\n<!-- \/ Yoast SEO plugin. -->","yoast_head_json":{"title":"Design Brand Content | \u00e0 la lune","description":"Project Manager Officer et graphiste lyonnaise proposant une offre de service \u00e0 la carte pour tout type de projets web.","robots":{"index":"index","follow":"follow","max-snippet":"max-snippet:-1","max-image-preview":"max-image-preview:large","max-video-preview":"max-video-preview:-1"},"canonical":"https:\/\/meriemkhellas.fr\/index.php\/design-brand-content\/","og_locale":"fr_FR","og_type":"article","og_title":"Design Brand Content | \u00e0 la lune","og_description":"Project Manager Officer et graphiste lyonnaise proposant une offre de service \u00e0 la carte pour tout type de projets web.","og_url":"https:\/\/meriemkhellas.fr\/index.php\/design-brand-content\/","og_site_name":"\u00e0 la lune","article_modified_time":"2023-03-25T17:41:11+00:00","og_image":[{"url":"http:\/\/meriemy.cluster024.hosting.ovh.net\/wp-content\/uploads\/2023\/03\/image-4.png","type":"","width":"","height":""}],"twitter_card":"summary_large_image","twitter_misc":{"Dur\u00e9e de lecture estim\u00e9e":"2 minutes"},"schema":{"@context":"https:\/\/schema.org","@graph":[{"@type":"WebPage","@id":"https:\/\/meriemkhellas.fr\/index.php\/design-brand-content\/","url":"https:\/\/meriemkhellas.fr\/index.php\/design-brand-content\/","name":"Design Brand Content | \u00e0 la lune","isPartOf":{"@id":"https:\/\/meriemkhellas.fr\/#website"},"primaryImageOfPage":{"@id":"https:\/\/meriemkhellas.fr\/index.php\/design-brand-content\/#primaryimage"},"image":{"@id":"https:\/\/meriemkhellas.fr\/index.php\/design-brand-content\/#primaryimage"},"thumbnailUrl":"http:\/\/meriemy.cluster024.hosting.ovh.net\/wp-content\/uploads\/2023\/03\/image-4.png","datePublished":"2023-03-07T23:16:23+00:00","dateModified":"2023-03-25T17:41:11+00:00","description":"Project Manager Officer et graphiste lyonnaise proposant une offre de service \u00e0 la carte pour tout type de projets web.","breadcrumb":{"@id":"https:\/\/meriemkhellas.fr\/index.php\/design-brand-content\/#breadcrumb"},"inLanguage":"fr-FR","potentialAction":[{"@type":"ReadAction","target":["https:\/\/meriemkhellas.fr\/index.php\/design-brand-content\/"]}]},{"@type":"ImageObject","inLanguage":"fr-FR","@id":"https:\/\/meriemkhellas.fr\/index.php\/design-brand-content\/#primaryimage","url":"http:\/\/meriemy.cluster024.hosting.ovh.net\/wp-content\/uploads\/2023\/03\/image-4.png","contentUrl":"http:\/\/meriemy.cluster024.hosting.ovh.net\/wp-content\/uploads\/2023\/03\/image-4.png"},{"@type":"BreadcrumbList","@id":"https:\/\/meriemkhellas.fr\/index.php\/design-brand-content\/#breadcrumb","itemListElement":[{"@type":"ListItem","position":1,"name":"Accueil","item":"https:\/\/meriemkhellas.fr\/"},{"@type":"ListItem","position":2,"name":"Design Brand Content"}]},{"@type":"WebSite","@id":"https:\/\/meriemkhellas.fr\/#website","url":"https:\/\/meriemkhellas.fr\/","name":"\u00e0 la lune","description":"PMO | Graphiste","publisher":{"@id":"https:\/\/meriemkhellas.fr\/#\/schema\/person\/15fe59973740322bd10f8cb999aa7691"},"potentialAction":[{"@type":"SearchAction","target":{"@type":"EntryPoint","urlTemplate":"https:\/\/meriemkhellas.fr\/?s={search_term_string}"},"query-input":{"@type":"PropertyValueSpecification","valueRequired":true,"valueName":"search_term_string"}}],"inLanguage":"fr-FR"},{"@type":["Person","Organization"],"@id":"https:\/\/meriemkhellas.fr\/#\/schema\/person\/15fe59973740322bd10f8cb999aa7691","name":"M\u00e9riem Khellas","image":{"@type":"ImageObject","inLanguage":"fr-FR","@id":"https:\/\/meriemkhellas.fr\/#\/schema\/person\/image\/","url":"https:\/\/meriemkhellas.fr\/wp-content\/uploads\/2023\/03\/Logo-MKH.png","contentUrl":"https:\/\/meriemkhellas.fr\/wp-content\/uploads\/2023\/03\/Logo-MKH.png","width":483,"height":422,"caption":"M\u00e9riem Khellas"},"logo":{"@id":"https:\/\/meriemkhellas.fr\/#\/schema\/person\/image\/"},"sameAs":["http:\/\/meriemy.cluster024.hosting.ovh.net","https:\/\/www.instagram.com\/meriemkhellas\/","https:\/\/www.linkedin.com\/in\/m\u00e9riem-khellas-a85574178\/","https:\/\/soundcloud.com\/meriem-khellas"]}]}},"mfb_rest_fields":["yoast_head","yoast_head_json"],"_links":{"self":[{"href":"https:\/\/meriemkhellas.fr\/index.php\/wp-json\/wp\/v2\/pages\/79","targetHints":{"allow":["GET"]}}],"collection":[{"href":"https:\/\/meriemkhellas.fr\/index.php\/wp-json\/wp\/v2\/pages"}],"about":[{"href":"https:\/\/meriemkhellas.fr\/index.php\/wp-json\/wp\/v2\/types\/page"}],"author":[{"embeddable":true,"href":"https:\/\/meriemkhellas.fr\/index.php\/wp-json\/wp\/v2\/users\/1"}],"replies":[{"embeddable":true,"href":"https:\/\/meriemkhellas.fr\/index.php\/wp-json\/wp\/v2\/comments?post=79"}],"version-history":[{"count":22,"href":"https:\/\/meriemkhellas.fr\/index.php\/wp-json\/wp\/v2\/pages\/79\/revisions"}],"predecessor-version":[{"id":526,"href":"https:\/\/meriemkhellas.fr\/index.php\/wp-json\/wp\/v2\/pages\/79\/revisions\/526"}],"wp:attachment":[{"href":"https:\/\/meriemkhellas.fr\/index.php\/wp-json\/wp\/v2\/media?parent=79"}],"curies":[{"name":"wp","href":"https:\/\/api.w.org\/{rel}","templated":true}]}}