{"id":233,"date":"2023-03-10T12:24:26","date_gmt":"2023-03-10T11:24:26","guid":{"rendered":"http:\/\/meriemy.cluster024.hosting.ovh.net\/?page_id=233"},"modified":"2023-03-25T18:41:43","modified_gmt":"2023-03-25T17:41:43","slug":"shop-2","status":"publish","type":"page","link":"https:\/\/meriemkhellas.fr\/index.php\/shop-2\/","title":{"rendered":"Shop"},"content":{"rendered":"\n<h3 class=\"wp-block-heading\">Etape 1. D\u00e9tails du projet<\/h3>\n\n\n\n<p>Vous me pr\u00e9sentez votre projet et nous d\u00e9terminons ensemble le cadre : style graphique, orientation, budget et d\u00e9lais.<\/p>\n\n\n<h4>\ud83d\udda8#Print<\/h4>\n<p>Flyers | Packaging | cartes | Affiches | Totebag | Kakemonos | Brochures | Logo | Carte graphique<\/p>\n<h4>\ud83d\udcfd#Motion design<\/h4>\n<p>Animation logo | Animation r\u00e9seaux sociaux | Habillage vid\u00e9o&nbsp;<\/p>\n<h4>\ud83d\udcbb#Digital&nbsp;<\/h4>\n<p>Banni\u00e8res web | Blog | Signature mail | R\u00e9seaux sociaux | Newsletter<\/p>\n\n\n<h3 class=\"wp-block-heading\">Etape 2. Le(s) croquis<\/h3>\n\n\n\n<p>Validation conceptuelle et positionnement graphique et strat\u00e9gique.<\/p>\n\n\n\n<h3 class=\"wp-block-heading\">Etape 3. R\u00e9alisation et retours client<\/h3>\n\n\n\n<p>Travail de composition et r\u00e9alisation du projet par \u00e9tape. Ajout d&rsquo;\u00e9l\u00e9ment sonores dont les sources ont d\u00e9j\u00e0 \u00e9t\u00e9 acquises. Wireframes accessible sur un \u00e9diteur graphique partag\u00e9.<\/p>\n\n\n\n<h3 class=\"wp-block-heading\">Etape 5. Retouches finales et testing <\/h3>\n\n\n\n<p>Phase de recette par les \u00e9quipes m\u00e9tiers afin de juger de la l&rsquo;int\u00e9gration des visuels sur un environnement de pr\u00e9production.<\/p>\n\n\n\n<h3 class=\"wp-block-heading\">Etape 6. Livraison<\/h3>\n\n\n\n<p>Je vous remet les fichiers sources du projet.<\/p>\n\n\n<h3>\ud83d\udc40Upcycling project en cours&nbsp;<\/h3>\n<p>Je proposerais tr\u00e8s prochainement une vente d&rsquo;article de pr\u00eat \u00e0 porter sur ce site avec diff\u00e9rentes collaboration en cours avec un atelier de couture et de r\u00e9insertion sociale ainsi qu\u2019un atelier de s\u00e9rigraphie textile et papier lyonnais (tissus Made in France et certifi\u00e9 GOTS).<\/p>\n\n<div class=\"wp-block-image\">\n<figure class=\"aligncenter size-large\"><img decoding=\"async\" width=\"576\" height=\"1024\" src=\"http:\/\/meriemy.cluster024.hosting.ovh.net\/wp-content\/uploads\/2023\/03\/IMG20230308120234-2-576x1024.jpg\" alt=\"\" class=\"wp-image-250\" srcset=\"https:\/\/meriemkhellas.fr\/wp-content\/uploads\/2023\/03\/IMG20230308120234-2-576x1024.jpg 576w, https:\/\/meriemkhellas.fr\/wp-content\/uploads\/2023\/03\/IMG20230308120234-2-169x300.jpg 169w, https:\/\/meriemkhellas.fr\/wp-content\/uploads\/2023\/03\/IMG20230308120234-2-768x1365.jpg 768w, https:\/\/meriemkhellas.fr\/wp-content\/uploads\/2023\/03\/IMG20230308120234-2-864x1536.jpg 864w, https:\/\/meriemkhellas.fr\/wp-content\/uploads\/2023\/03\/IMG20230308120234-2-1152x2048.jpg 1152w, https:\/\/meriemkhellas.fr\/wp-content\/uploads\/2023\/03\/IMG20230308120234-2-34x60.jpg 34w, https:\/\/meriemkhellas.fr\/wp-content\/uploads\/2023\/03\/IMG20230308120234-2-600x1067.jpg 600w, https:\/\/meriemkhellas.fr\/wp-content\/uploads\/2023\/03\/IMG20230308120234-2-scaled.jpg 1440w\" sizes=\"(max-width: 576px) 100vw, 576px\" \/><figcaption class=\"wp-element-caption\">\u00ab\u00a0Precious wing\u00a0\u00bb, ao\u00fbt 2022<\/figcaption><\/figure>\n<\/div>","protected":false},"excerpt":{"rendered":"<p>Etape 1. D\u00e9tails du projet Vous me pr\u00e9sentez votre projet et nous d\u00e9terminons ensemble le cadre : style graphique, orientation, budget et d\u00e9lais. \ud83d\udda8#Print Flyers | Packaging | cartes | Affiches | Totebag | Kakemonos | Brochures | Logo | Carte graphique \ud83d\udcfd#Motion design Animation logo | Animation r\u00e9seaux sociaux | Habillage vid\u00e9o&nbsp; \ud83d\udcbb#Digital&nbsp; Banni\u00e8res &hellip; <\/p>\n","protected":false},"author":1,"featured_media":0,"parent":0,"menu_order":0,"comment_status":"closed","ping_status":"closed","template":"","meta":{"footnotes":""},"class_list":["post-233","page","type-page","status-publish","hentry"],"yoast_head":"<!-- This site is optimized with the Yoast SEO plugin v24.1 - https:\/\/yoast.com\/wordpress\/plugins\/seo\/ -->\n<title>Shop | \u00e0 la lune<\/title>\n<meta name=\"description\" content=\"Project Manager Officer et graphiste lyonnaise proposant une offre de service \u00e0 la carte pour tout type de projets web.\" \/>\n<meta name=\"robots\" content=\"index, follow, max-snippet:-1, max-image-preview:large, max-video-preview:-1\" \/>\n<link rel=\"canonical\" href=\"https:\/\/meriemkhellas.fr\/index.php\/shop-2\/\" \/>\n<meta property=\"og:locale\" content=\"fr_FR\" \/>\n<meta property=\"og:type\" content=\"article\" \/>\n<meta property=\"og:title\" content=\"Shop | \u00e0 la lune\" \/>\n<meta property=\"og:description\" content=\"Project Manager Officer et graphiste lyonnaise proposant une offre de service \u00e0 la carte pour tout type de projets web.\" \/>\n<meta property=\"og:url\" content=\"https:\/\/meriemkhellas.fr\/index.php\/shop-2\/\" \/>\n<meta property=\"og:site_name\" content=\"\u00e0 la lune\" \/>\n<meta property=\"article:modified_time\" content=\"2023-03-25T17:41:43+00:00\" \/>\n<meta property=\"og:image\" content=\"http:\/\/meriemy.cluster024.hosting.ovh.net\/wp-content\/uploads\/2023\/03\/IMG20230308120234-2-576x1024.jpg\" \/>\n<meta name=\"twitter:card\" content=\"summary_large_image\" \/>\n<meta name=\"twitter:label1\" content=\"Dur\u00e9e de lecture estim\u00e9e\" \/>\n\t<meta name=\"twitter:data1\" content=\"2 minutes\" \/>\n<script type=\"application\/ld+json\" class=\"yoast-schema-graph\">{\"@context\":\"https:\/\/schema.org\",\"@graph\":[{\"@type\":\"WebPage\",\"@id\":\"https:\/\/meriemkhellas.fr\/index.php\/shop-2\/\",\"url\":\"https:\/\/meriemkhellas.fr\/index.php\/shop-2\/\",\"name\":\"Shop | \u00e0 la lune\",\"isPartOf\":{\"@id\":\"https:\/\/meriemkhellas.fr\/#website\"},\"primaryImageOfPage\":{\"@id\":\"https:\/\/meriemkhellas.fr\/index.php\/shop-2\/#primaryimage\"},\"image\":{\"@id\":\"https:\/\/meriemkhellas.fr\/index.php\/shop-2\/#primaryimage\"},\"thumbnailUrl\":\"http:\/\/meriemy.cluster024.hosting.ovh.net\/wp-content\/uploads\/2023\/03\/IMG20230308120234-2-576x1024.jpg\",\"datePublished\":\"2023-03-10T11:24:26+00:00\",\"dateModified\":\"2023-03-25T17:41:43+00:00\",\"description\":\"Project Manager Officer et graphiste lyonnaise proposant une offre de service \u00e0 la carte pour tout type de projets web.\",\"breadcrumb\":{\"@id\":\"https:\/\/meriemkhellas.fr\/index.php\/shop-2\/#breadcrumb\"},\"inLanguage\":\"fr-FR\",\"potentialAction\":[{\"@type\":\"ReadAction\",\"target\":[\"https:\/\/meriemkhellas.fr\/index.php\/shop-2\/\"]}]},{\"@type\":\"ImageObject\",\"inLanguage\":\"fr-FR\",\"@id\":\"https:\/\/meriemkhellas.fr\/index.php\/shop-2\/#primaryimage\",\"url\":\"http:\/\/meriemy.cluster024.hosting.ovh.net\/wp-content\/uploads\/2023\/03\/IMG20230308120234-2-576x1024.jpg\",\"contentUrl\":\"http:\/\/meriemy.cluster024.hosting.ovh.net\/wp-content\/uploads\/2023\/03\/IMG20230308120234-2-576x1024.jpg\"},{\"@type\":\"BreadcrumbList\",\"@id\":\"https:\/\/meriemkhellas.fr\/index.php\/shop-2\/#breadcrumb\",\"itemListElement\":[{\"@type\":\"ListItem\",\"position\":1,\"name\":\"Accueil\",\"item\":\"https:\/\/meriemkhellas.fr\/\"},{\"@type\":\"ListItem\",\"position\":2,\"name\":\"Shop\"}]},{\"@type\":\"WebSite\",\"@id\":\"https:\/\/meriemkhellas.fr\/#website\",\"url\":\"https:\/\/meriemkhellas.fr\/\",\"name\":\"\u00e0 la lune\",\"description\":\"PMO | Graphiste\",\"publisher\":{\"@id\":\"https:\/\/meriemkhellas.fr\/#\/schema\/person\/15fe59973740322bd10f8cb999aa7691\"},\"potentialAction\":[{\"@type\":\"SearchAction\",\"target\":{\"@type\":\"EntryPoint\",\"urlTemplate\":\"https:\/\/meriemkhellas.fr\/?s={search_term_string}\"},\"query-input\":{\"@type\":\"PropertyValueSpecification\",\"valueRequired\":true,\"valueName\":\"search_term_string\"}}],\"inLanguage\":\"fr-FR\"},{\"@type\":[\"Person\",\"Organization\"],\"@id\":\"https:\/\/meriemkhellas.fr\/#\/schema\/person\/15fe59973740322bd10f8cb999aa7691\",\"name\":\"M\u00e9riem Khellas\",\"image\":{\"@type\":\"ImageObject\",\"inLanguage\":\"fr-FR\",\"@id\":\"https:\/\/meriemkhellas.fr\/#\/schema\/person\/image\/\",\"url\":\"https:\/\/meriemkhellas.fr\/wp-content\/uploads\/2023\/03\/Logo-MKH.png\",\"contentUrl\":\"https:\/\/meriemkhellas.fr\/wp-content\/uploads\/2023\/03\/Logo-MKH.png\",\"width\":483,\"height\":422,\"caption\":\"M\u00e9riem Khellas\"},\"logo\":{\"@id\":\"https:\/\/meriemkhellas.fr\/#\/schema\/person\/image\/\"},\"sameAs\":[\"http:\/\/meriemy.cluster024.hosting.ovh.net\",\"https:\/\/www.instagram.com\/meriemkhellas\/\",\"https:\/\/www.linkedin.com\/in\/m\u00e9riem-khellas-a85574178\/\",\"https:\/\/soundcloud.com\/meriem-khellas\"]}]}<\/script>\n<!-- \/ Yoast SEO plugin. -->","yoast_head_json":{"title":"Shop | \u00e0 la lune","description":"Project Manager Officer et graphiste lyonnaise proposant une offre de service \u00e0 la carte pour tout type de projets web.","robots":{"index":"index","follow":"follow","max-snippet":"max-snippet:-1","max-image-preview":"max-image-preview:large","max-video-preview":"max-video-preview:-1"},"canonical":"https:\/\/meriemkhellas.fr\/index.php\/shop-2\/","og_locale":"fr_FR","og_type":"article","og_title":"Shop | \u00e0 la lune","og_description":"Project Manager Officer et graphiste lyonnaise proposant une offre de service \u00e0 la carte pour tout type de projets web.","og_url":"https:\/\/meriemkhellas.fr\/index.php\/shop-2\/","og_site_name":"\u00e0 la lune","article_modified_time":"2023-03-25T17:41:43+00:00","og_image":[{"url":"http:\/\/meriemy.cluster024.hosting.ovh.net\/wp-content\/uploads\/2023\/03\/IMG20230308120234-2-576x1024.jpg","type":"","width":"","height":""}],"twitter_card":"summary_large_image","twitter_misc":{"Dur\u00e9e de lecture estim\u00e9e":"2 minutes"},"schema":{"@context":"https:\/\/schema.org","@graph":[{"@type":"WebPage","@id":"https:\/\/meriemkhellas.fr\/index.php\/shop-2\/","url":"https:\/\/meriemkhellas.fr\/index.php\/shop-2\/","name":"Shop | \u00e0 la lune","isPartOf":{"@id":"https:\/\/meriemkhellas.fr\/#website"},"primaryImageOfPage":{"@id":"https:\/\/meriemkhellas.fr\/index.php\/shop-2\/#primaryimage"},"image":{"@id":"https:\/\/meriemkhellas.fr\/index.php\/shop-2\/#primaryimage"},"thumbnailUrl":"http:\/\/meriemy.cluster024.hosting.ovh.net\/wp-content\/uploads\/2023\/03\/IMG20230308120234-2-576x1024.jpg","datePublished":"2023-03-10T11:24:26+00:00","dateModified":"2023-03-25T17:41:43+00:00","description":"Project Manager Officer et graphiste lyonnaise proposant une offre de service \u00e0 la carte pour tout type de projets web.","breadcrumb":{"@id":"https:\/\/meriemkhellas.fr\/index.php\/shop-2\/#breadcrumb"},"inLanguage":"fr-FR","potentialAction":[{"@type":"ReadAction","target":["https:\/\/meriemkhellas.fr\/index.php\/shop-2\/"]}]},{"@type":"ImageObject","inLanguage":"fr-FR","@id":"https:\/\/meriemkhellas.fr\/index.php\/shop-2\/#primaryimage","url":"http:\/\/meriemy.cluster024.hosting.ovh.net\/wp-content\/uploads\/2023\/03\/IMG20230308120234-2-576x1024.jpg","contentUrl":"http:\/\/meriemy.cluster024.hosting.ovh.net\/wp-content\/uploads\/2023\/03\/IMG20230308120234-2-576x1024.jpg"},{"@type":"BreadcrumbList","@id":"https:\/\/meriemkhellas.fr\/index.php\/shop-2\/#breadcrumb","itemListElement":[{"@type":"ListItem","position":1,"name":"Accueil","item":"https:\/\/meriemkhellas.fr\/"},{"@type":"ListItem","position":2,"name":"Shop"}]},{"@type":"WebSite","@id":"https:\/\/meriemkhellas.fr\/#website","url":"https:\/\/meriemkhellas.fr\/","name":"\u00e0 la lune","description":"PMO | Graphiste","publisher":{"@id":"https:\/\/meriemkhellas.fr\/#\/schema\/person\/15fe59973740322bd10f8cb999aa7691"},"potentialAction":[{"@type":"SearchAction","target":{"@type":"EntryPoint","urlTemplate":"https:\/\/meriemkhellas.fr\/?s={search_term_string}"},"query-input":{"@type":"PropertyValueSpecification","valueRequired":true,"valueName":"search_term_string"}}],"inLanguage":"fr-FR"},{"@type":["Person","Organization"],"@id":"https:\/\/meriemkhellas.fr\/#\/schema\/person\/15fe59973740322bd10f8cb999aa7691","name":"M\u00e9riem Khellas","image":{"@type":"ImageObject","inLanguage":"fr-FR","@id":"https:\/\/meriemkhellas.fr\/#\/schema\/person\/image\/","url":"https:\/\/meriemkhellas.fr\/wp-content\/uploads\/2023\/03\/Logo-MKH.png","contentUrl":"https:\/\/meriemkhellas.fr\/wp-content\/uploads\/2023\/03\/Logo-MKH.png","width":483,"height":422,"caption":"M\u00e9riem Khellas"},"logo":{"@id":"https:\/\/meriemkhellas.fr\/#\/schema\/person\/image\/"},"sameAs":["http:\/\/meriemy.cluster024.hosting.ovh.net","https:\/\/www.instagram.com\/meriemkhellas\/","https:\/\/www.linkedin.com\/in\/m\u00e9riem-khellas-a85574178\/","https:\/\/soundcloud.com\/meriem-khellas"]}]}},"mfb_rest_fields":["yoast_head","yoast_head_json"],"_links":{"self":[{"href":"https:\/\/meriemkhellas.fr\/index.php\/wp-json\/wp\/v2\/pages\/233","targetHints":{"allow":["GET"]}}],"collection":[{"href":"https:\/\/meriemkhellas.fr\/index.php\/wp-json\/wp\/v2\/pages"}],"about":[{"href":"https:\/\/meriemkhellas.fr\/index.php\/wp-json\/wp\/v2\/types\/page"}],"author":[{"embeddable":true,"href":"https:\/\/meriemkhellas.fr\/index.php\/wp-json\/wp\/v2\/users\/1"}],"replies":[{"embeddable":true,"href":"https:\/\/meriemkhellas.fr\/index.php\/wp-json\/wp\/v2\/comments?post=233"}],"version-history":[{"count":16,"href":"https:\/\/meriemkhellas.fr\/index.php\/wp-json\/wp\/v2\/pages\/233\/revisions"}],"predecessor-version":[{"id":516,"href":"https:\/\/meriemkhellas.fr\/index.php\/wp-json\/wp\/v2\/pages\/233\/revisions\/516"}],"wp:attachment":[{"href":"https:\/\/meriemkhellas.fr\/index.php\/wp-json\/wp\/v2\/media?parent=233"}],"curies":[{"name":"wp","href":"https:\/\/api.w.org\/{rel}","templated":true}]}}