{"id":2,"date":"2023-03-07T16:46:46","date_gmt":"2023-03-07T15:46:46","guid":{"rendered":"http:\/\/meriemy.cluster024.hosting.ovh.net\/?page_id=2"},"modified":"2023-03-25T18:40:41","modified_gmt":"2023-03-25T17:40:41","slug":"who-you","status":"publish","type":"page","link":"https:\/\/meriemkhellas.fr\/","title":{"rendered":"who you ?"},"content":{"rendered":"<h1 style=\"text-align: center;\"><strong>Who you ?<\/strong><\/h1>\n<p style=\"text-align: center;\"><a href=\"https:\/\/www.linkedin.com\/in\/m%C3%A9riem-khellas-a85574178\/\">Project Manager Officer<\/a> depuis une dizaine d&rsquo;ann\u00e9es, illustratrice et graphiste pour tout type de brand content marque blanche. J&rsquo;ai le statut de travailleur ind\u00e9pendant depuis bient\u00f4t 2 ans. Mes comp\u00e9tences dans la gestion de projets IT allient judicieusement cr\u00e9ativit\u00e9 et qualit\u00e9 des livrables. Service \u00e0 la carte et sur mesure pour des projets web avec une offre de service&nbsp; construite en proximit\u00e9 avec chaque client : particulier, autoentrepreneur, PME, grand groupe.<\/p>\n<p style=\"text-align: center;\">Historienne de formation, anciennement rattach\u00e9e \u00e0 l&rsquo;universit\u00e9 Lumi\u00e8re Lyon 2 et au Laboratoire de recherche historique Rh\u00f4ne-Alpes (LARHRA) je suis auteure d&rsquo;une th\u00e8se publi\u00e9e fin juin 2022 aux \u00e9ditions Harmattan consacr\u00e9 \u00e0 <a href=\"https:\/\/www.editions-harmattan.fr\/livre-le_premier_festival_culturel_panafricain_alger_1969_une_grande_messe_populaire_meriem_khellas-9782343043449-44934.html\">Berliet en Alg\u00e9rie<\/a>. Mon premier ouvrage, publi\u00e9 en 2014, porte sur \u00ab<a href=\"https:\/\/www.editions-harmattan.fr\/livre-le_premier_festival_culturel_panafricain_alger_1969_une_grande_messe_populaire_meriem_khellas-9782343043449-44934.html\"> Le premier Festival culturel panafricain en 1969<\/a>\u00bb.<\/p>\n<p style=\"text-align: center;\"><\/p>\n\n\n<div class=\"alignnormal\"><div id=\"metaslider-id-307\" style=\"width: 100%;\" class=\"ml-slider-3-94-0 metaslider metaslider-flex metaslider-307 ml-slider ms-theme-simply-dark has-dots-nav\" role=\"region\" aria-roledescription=\"Slideshow\" aria-label=\"Nouveau diaporama\">\n    <div id=\"metaslider_container_307\">\n        <div id=\"metaslider_307\">\n            <ul class='slides'>\n                <li style=\"display: block; width: 100%;\" class=\"slide-318 ms-image \" aria-roledescription=\"slide\" aria-label=\"slide-318\"><img decoding=\"async\" src=\"https:\/\/meriemkhellas.fr\/wp-content\/uploads\/2023\/03\/Me-1-787x699.jpg\" height=\"800\" width=\"900\" alt=\"\" class=\"slider-307 slide-318\" title=\"Me\" \/><\/li>\n                <li style=\"display: none; width: 100%;\" class=\"slide-319 ms-image \" aria-roledescription=\"slide\" aria-label=\"slide-319\"><img decoding=\"async\" src=\"https:\/\/meriemkhellas.fr\/wp-content\/uploads\/2023\/03\/image_47ffbd98-5a25-466a-ba58-40ad19a0114b20230216_193452-900x800.jpg\" height=\"800\" width=\"900\" alt=\"\" class=\"slider-307 slide-319\" title=\"image_47ffbd98-5a25-466a-ba58-40ad19a0114b20230216_193452\" \/><\/li>\n                <li style=\"display: none; width: 100%;\" class=\"slide-329 ms-image \" aria-roledescription=\"slide\" aria-label=\"slide-329\"><img decoding=\"async\" src=\"https:\/\/meriemkhellas.fr\/wp-content\/uploads\/2023\/03\/1612718152010-4-900x800.jpg\" height=\"800\" width=\"900\" alt=\"\" class=\"slider-307 slide-329\" title=\"1612718152010-4\" \/><\/li>\n                <li style=\"display: none; width: 100%;\" class=\"slide-331 ms-image \" aria-roledescription=\"slide\" aria-label=\"slide-331\"><img decoding=\"async\" src=\"https:\/\/meriemkhellas.fr\/wp-content\/uploads\/2023\/03\/IMG_20230304_195648-900x800.jpg\" height=\"800\" width=\"900\" alt=\"\" class=\"slider-307 slide-331\" title=\"IMG_20230304_195648\" \/><\/li>\n            <\/ul>\n        <\/div>\n        \n    <\/div>\n<\/div><\/div>\n\n\n\n<div class=\"wp-block-query is-layout-flow wp-block-query-is-layout-flow\"><ul class=\"is-flex-container columns-3 wp-block-post-template is-layout-flow wp-block-post-template-is-layout-flow\"><li class=\"wp-block-post post-289 post type-post status-publish format-standard has-post-thumbnail hentry category-histoire\">\n\n<div class=\"wp-block-group\" style=\"padding-top:30px;padding-right:30px;padding-bottom:30px;padding-left:30px\"><div class=\"wp-block-group__inner-container is-layout-flow wp-block-group-is-layout-flow\"><h2 class=\"wp-block-post-title\"><a href=\"https:\/\/meriemkhellas.fr\/index.php\/2023\/03\/10\/le-premier-festival-culturel-dalger-alger-1969-une-grande-messe-populaire\/\" target=\"_self\" >Le premier festival culturel d&rsquo;Alger : Alger, 1969 : une grande messe populaire<\/a><\/h2>\n\n<div class=\"wp-block-post-excerpt\"><p class=\"wp-block-post-excerpt__excerpt\">C&rsquo;est \u00e0 Alger, du 21 juillet au 1er ao\u00fbt 1969, que l&rsquo;Afrique en marche, l&rsquo;Afrique en guerre et l&rsquo;Afrique en exil se retrouvent pour assister \u00e0 un type d&rsquo;\u00a0\u00bb\u00e9v\u00e9nement\u00a0\u00bb nouveau. Le d\u00e9fil\u00e9 d&rsquo;ouverture du premier Festival culturel panafricain d&rsquo;Alger repr\u00e9sente \u00e0 lui seul le croisement d&rsquo;\u00e9minents enjeux, o\u00f9 ambassadeurs des principaux ph\u00e9nom\u00e8nes musicaux et intellectuels\u2026 <\/p><\/div>\n\n<div class=\"wp-block-post-date\"><time datetime=\"2023-03-10T16:19:58+01:00\">10 mars 2023<\/time><\/div><\/div><\/div>\n\n<\/li><li class=\"wp-block-post post-1 post type-post status-publish format-standard has-post-thumbnail hentry category-actualite\">\n\n<div class=\"wp-block-group\" style=\"padding-top:30px;padding-right:30px;padding-bottom:30px;padding-left:30px\"><div class=\"wp-block-group__inner-container is-layout-flow wp-block-group-is-layout-flow\"><h2 class=\"wp-block-post-title\"><a href=\"https:\/\/meriemkhellas.fr\/index.php\/2023\/03\/07\/lafrique-de-berliet\/\" target=\"_self\" >L&rsquo;Afrique de Berliet<\/a><\/h2>\n\n<div class=\"wp-block-post-excerpt\"><p class=\"wp-block-post-excerpt__excerpt\">Publi\u00e9 fin juin 2022, mon nouveau livre porte sur l&rsquo;histoire du constructeur automobile lyonnais Berliet en Afrique. En le parcourant on y retrouve : \ud83e\udd14 L&rsquo;histoire de l&rsquo;implantation de cette firme en Alg\u00e9rie il y a plus d&rsquo;un demi-si\u00e8cle\ud83e\udde0 12 ann\u00e9es de travail de recherche\ud83d\ude9b Beaucoup de camions qui ont travers\u00e9s et sont sortis des\u2026 <\/p><\/div>\n\n<div class=\"wp-block-post-date\"><time datetime=\"2023-03-07T16:46:46+01:00\">7 mars 2023<\/time><\/div><\/div><\/div>\n\n<\/li><\/ul><\/div>\n","protected":false},"excerpt":{"rendered":"<p>Who you ? Project Manager Officer depuis une dizaine d&rsquo;ann\u00e9es, illustratrice et graphiste pour tout type de brand content marque blanche. J&rsquo;ai le statut de travailleur ind\u00e9pendant depuis bient\u00f4t 2 ans. Mes comp\u00e9tences dans la gestion de projets IT allient judicieusement cr\u00e9ativit\u00e9 et qualit\u00e9 des livrables. Service \u00e0 la carte et sur mesure pour des &hellip; <\/p>\n","protected":false},"author":1,"featured_media":0,"parent":0,"menu_order":0,"comment_status":"closed","ping_status":"closed","template":"","meta":{"footnotes":""},"class_list":["post-2","page","type-page","status-publish","hentry"],"yoast_head":"<!-- This site is optimized with the Yoast SEO plugin v24.1 - https:\/\/yoast.com\/wordpress\/plugins\/seo\/ -->\n<title>who you ? | \u00e0 la lune<\/title>\n<meta name=\"description\" content=\"Project Manager Officer et graphiste lyonnaise proposant une offre de service \u00e0 la carte pour tout type de projets web.\" \/>\n<meta name=\"robots\" content=\"index, follow, max-snippet:-1, max-image-preview:large, max-video-preview:-1\" \/>\n<link rel=\"canonical\" href=\"https:\/\/meriemkhellas.fr\/\" \/>\n<meta property=\"og:locale\" content=\"fr_FR\" \/>\n<meta property=\"og:type\" content=\"article\" \/>\n<meta property=\"og:title\" content=\"who you ? | \u00e0 la lune\" \/>\n<meta property=\"og:description\" content=\"Project Manager Officer et graphiste lyonnaise proposant une offre de service \u00e0 la carte pour tout type de projets web.\" \/>\n<meta property=\"og:url\" content=\"https:\/\/meriemkhellas.fr\/\" \/>\n<meta property=\"og:site_name\" content=\"\u00e0 la lune\" \/>\n<meta property=\"article:modified_time\" content=\"2023-03-25T17:40:41+00:00\" \/>\n<meta property=\"og:image\" content=\"https:\/\/meriemkhellas.fr\/wp-content\/uploads\/2023\/03\/Moonlight.jpg\" \/>\n\t<meta property=\"og:image:width\" content=\"1080\" \/>\n\t<meta property=\"og:image:height\" content=\"910\" \/>\n\t<meta property=\"og:image:type\" content=\"image\/jpeg\" \/>\n<meta name=\"twitter:card\" content=\"summary_large_image\" \/>\n<meta name=\"twitter:label1\" content=\"Dur\u00e9e de lecture estim\u00e9e\" \/>\n\t<meta name=\"twitter:data1\" content=\"1 minute\" \/>\n<script type=\"application\/ld+json\" class=\"yoast-schema-graph\">{\"@context\":\"https:\/\/schema.org\",\"@graph\":[{\"@type\":\"WebPage\",\"@id\":\"https:\/\/meriemkhellas.fr\/\",\"url\":\"https:\/\/meriemkhellas.fr\/\",\"name\":\"who you ? | \u00e0 la lune\",\"isPartOf\":{\"@id\":\"https:\/\/meriemkhellas.fr\/#website\"},\"datePublished\":\"2023-03-07T15:46:46+00:00\",\"dateModified\":\"2023-03-25T17:40:41+00:00\",\"description\":\"Project Manager Officer et graphiste lyonnaise proposant une offre de service \u00e0 la carte pour tout type de projets web.\",\"breadcrumb\":{\"@id\":\"https:\/\/meriemkhellas.fr\/#breadcrumb\"},\"inLanguage\":\"fr-FR\",\"potentialAction\":[{\"@type\":\"ReadAction\",\"target\":[\"https:\/\/meriemkhellas.fr\/\"]}]},{\"@type\":\"BreadcrumbList\",\"@id\":\"https:\/\/meriemkhellas.fr\/#breadcrumb\",\"itemListElement\":[{\"@type\":\"ListItem\",\"position\":1,\"name\":\"Accueil\",\"item\":\"https:\/\/meriemkhellas.fr\/\"},{\"@type\":\"ListItem\",\"position\":2,\"name\":\"who you ?\"}]},{\"@type\":\"WebSite\",\"@id\":\"https:\/\/meriemkhellas.fr\/#website\",\"url\":\"https:\/\/meriemkhellas.fr\/\",\"name\":\"\u00e0 la lune\",\"description\":\"PMO | Graphiste\",\"publisher\":{\"@id\":\"https:\/\/meriemkhellas.fr\/#\/schema\/person\/15fe59973740322bd10f8cb999aa7691\"},\"potentialAction\":[{\"@type\":\"SearchAction\",\"target\":{\"@type\":\"EntryPoint\",\"urlTemplate\":\"https:\/\/meriemkhellas.fr\/?s={search_term_string}\"},\"query-input\":{\"@type\":\"PropertyValueSpecification\",\"valueRequired\":true,\"valueName\":\"search_term_string\"}}],\"inLanguage\":\"fr-FR\"},{\"@type\":[\"Person\",\"Organization\"],\"@id\":\"https:\/\/meriemkhellas.fr\/#\/schema\/person\/15fe59973740322bd10f8cb999aa7691\",\"name\":\"M\u00e9riem Khellas\",\"image\":{\"@type\":\"ImageObject\",\"inLanguage\":\"fr-FR\",\"@id\":\"https:\/\/meriemkhellas.fr\/#\/schema\/person\/image\/\",\"url\":\"https:\/\/meriemkhellas.fr\/wp-content\/uploads\/2023\/03\/Logo-MKH.png\",\"contentUrl\":\"https:\/\/meriemkhellas.fr\/wp-content\/uploads\/2023\/03\/Logo-MKH.png\",\"width\":483,\"height\":422,\"caption\":\"M\u00e9riem Khellas\"},\"logo\":{\"@id\":\"https:\/\/meriemkhellas.fr\/#\/schema\/person\/image\/\"},\"sameAs\":[\"http:\/\/meriemy.cluster024.hosting.ovh.net\",\"https:\/\/www.instagram.com\/meriemkhellas\/\",\"https:\/\/www.linkedin.com\/in\/m\u00e9riem-khellas-a85574178\/\",\"https:\/\/soundcloud.com\/meriem-khellas\"]}]}<\/script>\n<!-- \/ Yoast SEO plugin. -->","yoast_head_json":{"title":"who you ? | \u00e0 la lune","description":"Project Manager Officer et graphiste lyonnaise proposant une offre de service \u00e0 la carte pour tout type de projets web.","robots":{"index":"index","follow":"follow","max-snippet":"max-snippet:-1","max-image-preview":"max-image-preview:large","max-video-preview":"max-video-preview:-1"},"canonical":"https:\/\/meriemkhellas.fr\/","og_locale":"fr_FR","og_type":"article","og_title":"who you ? | \u00e0 la lune","og_description":"Project Manager Officer et graphiste lyonnaise proposant une offre de service \u00e0 la carte pour tout type de projets web.","og_url":"https:\/\/meriemkhellas.fr\/","og_site_name":"\u00e0 la lune","article_modified_time":"2023-03-25T17:40:41+00:00","og_image":[{"width":1080,"height":910,"url":"https:\/\/meriemkhellas.fr\/wp-content\/uploads\/2023\/03\/Moonlight.jpg","type":"image\/jpeg"}],"twitter_card":"summary_large_image","twitter_misc":{"Dur\u00e9e de lecture estim\u00e9e":"1 minute"},"schema":{"@context":"https:\/\/schema.org","@graph":[{"@type":"WebPage","@id":"https:\/\/meriemkhellas.fr\/","url":"https:\/\/meriemkhellas.fr\/","name":"who you ? | \u00e0 la lune","isPartOf":{"@id":"https:\/\/meriemkhellas.fr\/#website"},"datePublished":"2023-03-07T15:46:46+00:00","dateModified":"2023-03-25T17:40:41+00:00","description":"Project Manager Officer et graphiste lyonnaise proposant une offre de service \u00e0 la carte pour tout type de projets web.","breadcrumb":{"@id":"https:\/\/meriemkhellas.fr\/#breadcrumb"},"inLanguage":"fr-FR","potentialAction":[{"@type":"ReadAction","target":["https:\/\/meriemkhellas.fr\/"]}]},{"@type":"BreadcrumbList","@id":"https:\/\/meriemkhellas.fr\/#breadcrumb","itemListElement":[{"@type":"ListItem","position":1,"name":"Accueil","item":"https:\/\/meriemkhellas.fr\/"},{"@type":"ListItem","position":2,"name":"who you ?"}]},{"@type":"WebSite","@id":"https:\/\/meriemkhellas.fr\/#website","url":"https:\/\/meriemkhellas.fr\/","name":"\u00e0 la lune","description":"PMO | Graphiste","publisher":{"@id":"https:\/\/meriemkhellas.fr\/#\/schema\/person\/15fe59973740322bd10f8cb999aa7691"},"potentialAction":[{"@type":"SearchAction","target":{"@type":"EntryPoint","urlTemplate":"https:\/\/meriemkhellas.fr\/?s={search_term_string}"},"query-input":{"@type":"PropertyValueSpecification","valueRequired":true,"valueName":"search_term_string"}}],"inLanguage":"fr-FR"},{"@type":["Person","Organization"],"@id":"https:\/\/meriemkhellas.fr\/#\/schema\/person\/15fe59973740322bd10f8cb999aa7691","name":"M\u00e9riem Khellas","image":{"@type":"ImageObject","inLanguage":"fr-FR","@id":"https:\/\/meriemkhellas.fr\/#\/schema\/person\/image\/","url":"https:\/\/meriemkhellas.fr\/wp-content\/uploads\/2023\/03\/Logo-MKH.png","contentUrl":"https:\/\/meriemkhellas.fr\/wp-content\/uploads\/2023\/03\/Logo-MKH.png","width":483,"height":422,"caption":"M\u00e9riem Khellas"},"logo":{"@id":"https:\/\/meriemkhellas.fr\/#\/schema\/person\/image\/"},"sameAs":["http:\/\/meriemy.cluster024.hosting.ovh.net","https:\/\/www.instagram.com\/meriemkhellas\/","https:\/\/www.linkedin.com\/in\/m\u00e9riem-khellas-a85574178\/","https:\/\/soundcloud.com\/meriem-khellas"]}]}},"mfb_rest_fields":["yoast_head","yoast_head_json"],"_links":{"self":[{"href":"https:\/\/meriemkhellas.fr\/index.php\/wp-json\/wp\/v2\/pages\/2","targetHints":{"allow":["GET"]}}],"collection":[{"href":"https:\/\/meriemkhellas.fr\/index.php\/wp-json\/wp\/v2\/pages"}],"about":[{"href":"https:\/\/meriemkhellas.fr\/index.php\/wp-json\/wp\/v2\/types\/page"}],"author":[{"embeddable":true,"href":"https:\/\/meriemkhellas.fr\/index.php\/wp-json\/wp\/v2\/users\/1"}],"replies":[{"embeddable":true,"href":"https:\/\/meriemkhellas.fr\/index.php\/wp-json\/wp\/v2\/comments?post=2"}],"version-history":[{"count":62,"href":"https:\/\/meriemkhellas.fr\/index.php\/wp-json\/wp\/v2\/pages\/2\/revisions"}],"predecessor-version":[{"id":527,"href":"https:\/\/meriemkhellas.fr\/index.php\/wp-json\/wp\/v2\/pages\/2\/revisions\/527"}],"wp:attachment":[{"href":"https:\/\/meriemkhellas.fr\/index.php\/wp-json\/wp\/v2\/media?parent=2"}],"curies":[{"name":"wp","href":"https:\/\/api.w.org\/{rel}","templated":true}]}}